{"id":6,"date":"2022-01-12T11:25:36","date_gmt":"2022-01-12T14:25:36","guid":{"rendered":"https:\/\/deliverynobre.com.br\/?page_id=6"},"modified":"2024-04-25T16:23:36","modified_gmt":"2024-04-25T19:23:36","slug":"sobre","status":"publish","type":"page","link":"https:\/\/deliverynobre.com.br\/index.php\/sobre\/","title":{"rendered":"Contato"},"content":{"rendered":"\t\t<div data-elementor-type=\"wp-page\" data-elementor-id=\"6\" class=\"elementor elementor-6\">\n\t\t\t\t\t\t<section class=\"elementor-section elementor-top-section elementor-element elementor-element-5b8bc194 elementor-section-boxed elementor-section-height-default elementor-section-height-default\" data-id=\"5b8bc194\" data-element_type=\"section\" data-e-type=\"section\">\n\t\t\t\t\t\t<div class=\"elementor-container elementor-column-gap-default\">\n\t\t\t\t\t<div class=\"elementor-column elementor-col-100 elementor-top-column elementor-element elementor-element-200d725d\" data-id=\"200d725d\" data-element_type=\"column\" data-e-type=\"column\">\n\t\t\t<div class=\"elementor-widget-wrap elementor-element-populated\">\n\t\t\t\t\t\t<div class=\"elementor-element elementor-element-2ba62fdf elementor-widget elementor-widget-text-editor\" data-id=\"2ba62fdf\" data-element_type=\"widget\" data-e-type=\"widget\" data-widget_type=\"text-editor.default\">\n\t\t\t\t<div class=\"elementor-widget-container\">\n\t\t\t\t\t\t\t\t\t<p><\/p>\n<p>Contato Financeiro:<\/p>\n<p><\/p>\n<p><\/p>\n<p>(88) 99492-4331 Whatsapp\/Telefone<\/p>\n<p><\/p>\n<p><\/p>\n<p>Contato Suporte Sistemas:<\/p>\n<p><\/p>\n<p><\/p>\n<p>(88) 99348-7070 Whatsapp\/Telefone<\/p>\n<p><\/p>\n<p><\/p>\n<p>Hor\u00e1rio de Funcionamento<\/p>\n<p><\/p>\n<p><\/p>\n<p>Segunda a Sexta de 09:00 \u00e0s 17:00h (hor\u00e1rio comercial) e de 17:01 \u00e0s 22:00h (regime de plant\u00e3o para urg\u00eancias)<br \/>S\u00e1bados de 8:00 at\u00e9 \u00e0s 22:00h. (regime de plant\u00e3o para urg\u00eancias)<br \/>Domingos de 9:00 at\u00e9 \u00e0s 20:00h. (regime de plant\u00e3o para urg\u00eancias)<br \/>Feriados de 9:00 at\u00e9 \u00e0s 20:00h. (regime de plant\u00e3o para urg\u00eancias)<\/p>\n<p><\/p>\n<p><\/p>\n<p>E-mail: sistemas@mnobre.net<\/p>\n<p><\/p>\n<p><\/p>\n<p>&#8212;&#8212;&#8212;&#8212;&#8212;&#8212;&#8212;&#8212;&#8212;&#8212;&#8212;&#8212;&#8212;&#8212;&#8212;&#8212;&#8212;&#8212;&#8212;&#8212;&#8212;&#8212;&#8212;&#8212;&#8212;&#8212;&#8212;&#8212;&#8212;&#8212;&#8212;&#8212;&#8212;&#8212;&#8212;&#8212;&#8212;&#8212;<\/p>\n<p><\/p>\n<h4><strong><b>M. NOBRE OUTSOURCING &amp; SOFTWARE LTDA<\/b><\/strong><\/h4>\n<p><strong>CNPJ:<\/strong> 40.514.942\/0001-02<\/p>\t\t\t\t\t\t\t\t<\/div>\n\t\t\t\t<\/div>\n\t\t\t\t\t<\/div>\n\t\t<\/div>\n\t\t\t\t\t<\/div>\n\t\t<\/section>\n\t\t\t\t<\/div>\n\t\t","protected":false},"excerpt":{"rendered":"<p>Contato Financeiro: (88) 99492-4331 Whatsapp\/Telefone Contato Suporte Sistemas: (88) 99348-7070 Whatsapp\/Telefone Hor\u00e1rio de Funcionamento Segunda a Sexta de 09:00 \u00e0s 17:00h (hor\u00e1rio comercial) e de 17:01 \u00e0s 22:00h (regime de plant\u00e3o para urg\u00eancias)S\u00e1bados de 8:00 at\u00e9 \u00e0s 22:00h. (regime de plant\u00e3o para urg\u00eancias)Domingos de 9:00 at\u00e9 \u00e0s 20:00h. (regime de plant\u00e3o para urg\u00eancias)Feriados de 9:00 &hellip; <\/p>\n<p class=\"link-more\"><a href=\"https:\/\/deliverynobre.com.br\/index.php\/sobre\/\" class=\"more-link\">Leia mais<span class=\"screen-reader-text\"> &#8220;Contato&#8221;<\/span><\/a><\/p>\n","protected":false},"author":1,"featured_media":0,"parent":0,"menu_order":0,"comment_status":"closed","ping_status":"closed","template":"","meta":{"om_disable_all_campaigns":false,"_monsterinsights_skip_tracking":false,"_monsterinsights_sitenote_active":false,"_monsterinsights_sitenote_note":"","_monsterinsights_sitenote_category":0,"inspiro_hide_title":false,"footnotes":""},"class_list":["post-6","page","type-page","status-publish","hentry"],"aioseo_notices":[],"_links":{"self":[{"href":"https:\/\/deliverynobre.com.br\/index.php\/wp-json\/wp\/v2\/pages\/6","targetHints":{"allow":["GET"]}}],"collection":[{"href":"https:\/\/deliverynobre.com.br\/index.php\/wp-json\/wp\/v2\/pages"}],"about":[{"href":"https:\/\/deliverynobre.com.br\/index.php\/wp-json\/wp\/v2\/types\/page"}],"author":[{"embeddable":true,"href":"https:\/\/deliverynobre.com.br\/index.php\/wp-json\/wp\/v2\/users\/1"}],"replies":[{"embeddable":true,"href":"https:\/\/deliverynobre.com.br\/index.php\/wp-json\/wp\/v2\/comments?post=6"}],"version-history":[{"count":11,"href":"https:\/\/deliverynobre.com.br\/index.php\/wp-json\/wp\/v2\/pages\/6\/revisions"}],"predecessor-version":[{"id":116,"href":"https:\/\/deliverynobre.com.br\/index.php\/wp-json\/wp\/v2\/pages\/6\/revisions\/116"}],"wp:attachment":[{"href":"https:\/\/deliverynobre.com.br\/index.php\/wp-json\/wp\/v2\/media?parent=6"}],"curies":[{"name":"wp","href":"https:\/\/api.w.org\/{rel}","templated":true}]}}